{"id":338,"date":"2025-12-09T14:59:32","date_gmt":"2025-12-09T14:59:32","guid":{"rendered":"https:\/\/ateza-innovacion.com\/index.php\/producto\/power-bank-1hora-gar-158\/"},"modified":"2025-12-09T14:59:32","modified_gmt":"2025-12-09T14:59:32","slug":"power-bank-1hora-gar-158","status":"publish","type":"product","link":"https:\/\/ateza-innovacion.com\/index.php\/producto\/power-bank-1hora-gar-158\/","title":{"rendered":"Power Bank 1HORA GAR 158"},"content":{"rendered":"<p>El power bank 1Hora GAR158 ha sido mejorado! Ahora cuenta con una pantalla digital y carga r\u00e1pida de 22.5W para una experiencia m\u00e1s eficiente. Con su bater\u00eda de 20000mAh, carga hasta tres dispositivos a la vez y disfruta de su puerto USB-C IN&#038;OUT para mayor versatilidad.<br \/>\nCapacidades de Salida de Carga del Power Bank<br \/>\n1) 3 puertos de salida, si se usan dos o m\u00e1s, la salida m\u00e1xima es de 22.5W.<br \/>\n2) Uso individual: USB-A , salida m\u00e1xima de 22.5W.<br \/>\n3) Uso individual: Tipo-C 1 o Tipo-C 2, salida m\u00e1xima de 22.5W.<br \/>\n&#8211; Carga r\u00e1pida de 22.5W PD: El puerto USB-C de 22.5W puede llevar la bater\u00eda de un iPhone del 15% al 50% en menos de una hora. Esto es 2 veces m\u00e1s r\u00e1pido que la mayor\u00eda de los antiguos cargadores port\u00e1tiles en el mercado que ofrecen solo una velocidad de carga de 10W. \u00a1Dile adi\u00f3s a las largas horas de carga!<br \/>\n&#8211; Energ\u00eda de respaldo: La bater\u00eda externa de 20000mAh te brinda suficiente energ\u00eda para cargar para iPhone 15 pro 3.8 veces, para Samsung S20 4 veces y para iPad mini 2.9 veces. (Datos de prueba de laboratorio, solo para referencia. Resultados reales pueden variar.)<br \/>\n&#8211; Solo el 5% tiene USB-C IN&#038;OUT: 1Hora es solo el 5% de las bater\u00edas externas que tienen un puerto USB-C IN&#038;OUT. Puede cargar todos los dispositivos con tus cables USB-C directamente.<br \/>\n&#8211; Carga simult\u00e1nea de 3 puertos: Este cargador USB-C de 74 vatios tiene una capacidad excepcional de carga simult\u00e1nea que puede cargar hasta 3 dispositivos a la vez.<\/p>\n","protected":false},"excerpt":{"rendered":"<p>El power bank 1Hora GAR158 ha sido mejorado! Ahora cuenta con una pantalla digital y carga r\u00e1pida de 22.5W para [&hellip;]<\/p>\n","protected":false},"featured_media":325,"comment_status":"open","ping_status":"closed","template":"","meta":{"site-sidebar-layout":"default","site-content-layout":"","ast-site-content-layout":"default","site-content-style":"default","site-sidebar-style":"default","ast-global-header-display":"","ast-banner-title-visibility":"","ast-main-header-display":"","ast-hfb-above-header-display":"","ast-hfb-below-header-display":"","ast-hfb-mobile-header-display":"","site-post-title":"","ast-breadcrumbs-content":"","ast-featured-img":"","footer-sml-layout":"","ast-disable-related-posts":"","theme-transparent-header-meta":"","adv-header-id-meta":"","stick-header-meta":"","header-above-stick-meta":"","header-main-stick-meta":"","header-below-stick-meta":"","astra-migrate-meta-layouts":"default","ast-page-background-enabled":"default","ast-page-background-meta":{"desktop":{"background-color":"var(--ast-global-color-5)","background-image":"","background-repeat":"repeat","background-position":"center center","background-size":"auto","background-attachment":"scroll","background-type":"","background-media":"","overlay-type":"","overlay-color":"","overlay-opacity":"","overlay-gradient":""},"tablet":{"background-color":"","background-image":"","background-repeat":"repeat","background-position":"center center","background-size":"auto","background-attachment":"scroll","background-type":"","background-media":"","overlay-type":"","overlay-color":"","overlay-opacity":"","overlay-gradient":""},"mobile":{"background-color":"","background-image":"","background-repeat":"repeat","background-position":"center center","background-size":"auto","background-attachment":"scroll","background-type":"","background-media":"","overlay-type":"","overlay-color":"","overlay-opacity":"","overlay-gradient":""}},"ast-content-background-meta":{"desktop":{"background-color":"var(--ast-global-color-4)","background-image":"","background-repeat":"repeat","background-position":"center center","background-size":"auto","background-attachment":"scroll","background-type":"","background-media":"","overlay-type":"","overlay-color":"","overlay-opacity":"","overlay-gradient":""},"tablet":{"background-color":"var(--ast-global-color-4)","background-image":"","background-repeat":"repeat","background-position":"center center","background-size":"auto","background-attachment":"scroll","background-type":"","background-media":"","overlay-type":"","overlay-color":"","overlay-opacity":"","overlay-gradient":""},"mobile":{"background-color":"var(--ast-global-color-4)","background-image":"","background-repeat":"repeat","background-position":"center center","background-size":"auto","background-attachment":"scroll","background-type":"","background-media":"","overlay-type":"","overlay-color":"","overlay-opacity":"","overlay-gradient":""}},"_joinchat":[]},"product_brand":[],"product_cat":[21],"product_tag":[],"class_list":{"0":"post-338","1":"product","2":"type-product","3":"status-publish","4":"has-post-thumbnail","6":"product_cat-seguridad","7":"desktop-align-left","8":"tablet-align-left","9":"mobile-align-left","11":"first","12":"instock","13":"shipping-taxable","14":"purchasable","15":"product-type-simple"},"_links":{"self":[{"href":"https:\/\/ateza-innovacion.com\/index.php\/wp-json\/wp\/v2\/product\/338","targetHints":{"allow":["GET"]}}],"collection":[{"href":"https:\/\/ateza-innovacion.com\/index.php\/wp-json\/wp\/v2\/product"}],"about":[{"href":"https:\/\/ateza-innovacion.com\/index.php\/wp-json\/wp\/v2\/types\/product"}],"replies":[{"embeddable":true,"href":"https:\/\/ateza-innovacion.com\/index.php\/wp-json\/wp\/v2\/comments?post=338"}],"wp:featuredmedia":[{"embeddable":true,"href":"https:\/\/ateza-innovacion.com\/index.php\/wp-json\/wp\/v2\/media\/325"}],"wp:attachment":[{"href":"https:\/\/ateza-innovacion.com\/index.php\/wp-json\/wp\/v2\/media?parent=338"}],"wp:term":[{"taxonomy":"product_brand","embeddable":true,"href":"https:\/\/ateza-innovacion.com\/index.php\/wp-json\/wp\/v2\/product_brand?post=338"},{"taxonomy":"product_cat","embeddable":true,"href":"https:\/\/ateza-innovacion.com\/index.php\/wp-json\/wp\/v2\/product_cat?post=338"},{"taxonomy":"product_tag","embeddable":true,"href":"https:\/\/ateza-innovacion.com\/index.php\/wp-json\/wp\/v2\/product_tag?post=338"}],"curies":[{"name":"wp","href":"https:\/\/api.w.org\/{rel}","templated":true}]}}