{"id":335,"date":"2025-12-09T14:59:32","date_gmt":"2025-12-09T14:59:32","guid":{"rendered":"https:\/\/ateza-innovacion.com\/index.php\/producto\/camara-de-seguridad-interiores\/"},"modified":"2025-12-09T14:59:32","modified_gmt":"2025-12-09T14:59:32","slug":"camara-de-seguridad-interiores","status":"publish","type":"product","link":"https:\/\/ateza-innovacion.com\/index.php\/producto\/camara-de-seguridad-interiores\/","title":{"rendered":"Camara de seguridad interiores"},"content":{"rendered":"<p>Esta c\u00e1mara la podr\u00e1 utilizar en cualquier ambiente sin necesidad de grandes instalaciones, solo necesitar\u00e1 una toma de energ\u00eda y una conexi\u00f3n estable de internet. Adem\u00e1s, te permitir\u00e1 observar al tiempo ya la vez grabar lo que est\u00e1 sucediendo. Adem\u00e1s, puedes tomar fotos y devolver el video para no perderte ning\u00fan detalle. Cuenta con parlante por el cual ser\u00e1s capaz de hablar por medio de la c\u00e1mara, graba en alta resoluci\u00f3n lo que te dar\u00e1 una visi\u00f3n clara de lo que pasa.<br \/>\n&#8211; Sensor de imagen: 1\/3\u00b4 CMOS SONY<br \/>\n&#8211; Visualizaci\u00f3n: Android, iPhone y Windows PC<br \/>\n&#8211; Est\u00e1ndar de v\u00eddeo: NTSC\/PAL<br \/>\n&#8211; Formato de audio compresi\u00f3n: G.711\/G.726<br \/>\n&#8211; Visibilidad nocturna: 10 metros<br \/>\n&#8211; PTZ: Gira 355\u00b0 horizontalmente y 90\u00b0 verticalmente, 3 veces el zoom digital<br \/>\n&#8211; Funciona con WI-FI , sin cableado<br \/>\n&#8211; Imagen HD 2.0 MP (1080P)<br \/>\n&#8211; Audio doble v\u00eda, puede escuchar y hablar<br \/>\n&#8211; Alarma por detecci\u00f3n de movimiento<br \/>\n&#8211; Visi\u00f3n nocturna, hasta 10 metros<br \/>\n&#8211; Grabaci\u00f3n a memoria micro SD 32GB hasta 128GB<br \/>\n&#8211; F\u00e1cil instalaci\u00f3n y configuraci\u00f3n<br \/>\n&#8211; Uso en interiores<\/p>\n","protected":false},"excerpt":{"rendered":"<p>Esta c\u00e1mara la podr\u00e1 utilizar en cualquier ambiente sin necesidad de grandes instalaciones, solo necesitar\u00e1 una toma de energ\u00eda y [&hellip;]<\/p>\n","protected":false},"featured_media":320,"comment_status":"open","ping_status":"closed","template":"","meta":{"site-sidebar-layout":"default","site-content-layout":"","ast-site-content-layout":"default","site-content-style":"default","site-sidebar-style":"default","ast-global-header-display":"","ast-banner-title-visibility":"","ast-main-header-display":"","ast-hfb-above-header-display":"","ast-hfb-below-header-display":"","ast-hfb-mobile-header-display":"","site-post-title":"","ast-breadcrumbs-content":"","ast-featured-img":"","footer-sml-layout":"","ast-disable-related-posts":"","theme-transparent-header-meta":"","adv-header-id-meta":"","stick-header-meta":"","header-above-stick-meta":"","header-main-stick-meta":"","header-below-stick-meta":"","astra-migrate-meta-layouts":"default","ast-page-background-enabled":"default","ast-page-background-meta":{"desktop":{"background-color":"var(--ast-global-color-5)","background-image":"","background-repeat":"repeat","background-position":"center center","background-size":"auto","background-attachment":"scroll","background-type":"","background-media":"","overlay-type":"","overlay-color":"","overlay-opacity":"","overlay-gradient":""},"tablet":{"background-color":"","background-image":"","background-repeat":"repeat","background-position":"center center","background-size":"auto","background-attachment":"scroll","background-type":"","background-media":"","overlay-type":"","overlay-color":"","overlay-opacity":"","overlay-gradient":""},"mobile":{"background-color":"","background-image":"","background-repeat":"repeat","background-position":"center center","background-size":"auto","background-attachment":"scroll","background-type":"","background-media":"","overlay-type":"","overlay-color":"","overlay-opacity":"","overlay-gradient":""}},"ast-content-background-meta":{"desktop":{"background-color":"var(--ast-global-color-4)","background-image":"","background-repeat":"repeat","background-position":"center center","background-size":"auto","background-attachment":"scroll","background-type":"","background-media":"","overlay-type":"","overlay-color":"","overlay-opacity":"","overlay-gradient":""},"tablet":{"background-color":"var(--ast-global-color-4)","background-image":"","background-repeat":"repeat","background-position":"center center","background-size":"auto","background-attachment":"scroll","background-type":"","background-media":"","overlay-type":"","overlay-color":"","overlay-opacity":"","overlay-gradient":""},"mobile":{"background-color":"var(--ast-global-color-4)","background-image":"","background-repeat":"repeat","background-position":"center center","background-size":"auto","background-attachment":"scroll","background-type":"","background-media":"","overlay-type":"","overlay-color":"","overlay-opacity":"","overlay-gradient":""}},"_joinchat":[]},"product_brand":[],"product_cat":[21],"product_tag":[],"class_list":{"0":"post-335","1":"product","2":"type-product","3":"status-publish","4":"has-post-thumbnail","6":"product_cat-seguridad","7":"desktop-align-left","8":"tablet-align-left","9":"mobile-align-left","11":"first","12":"instock","13":"shipping-taxable","14":"purchasable","15":"product-type-simple"},"_links":{"self":[{"href":"https:\/\/ateza-innovacion.com\/index.php\/wp-json\/wp\/v2\/product\/335","targetHints":{"allow":["GET"]}}],"collection":[{"href":"https:\/\/ateza-innovacion.com\/index.php\/wp-json\/wp\/v2\/product"}],"about":[{"href":"https:\/\/ateza-innovacion.com\/index.php\/wp-json\/wp\/v2\/types\/product"}],"replies":[{"embeddable":true,"href":"https:\/\/ateza-innovacion.com\/index.php\/wp-json\/wp\/v2\/comments?post=335"}],"wp:featuredmedia":[{"embeddable":true,"href":"https:\/\/ateza-innovacion.com\/index.php\/wp-json\/wp\/v2\/media\/320"}],"wp:attachment":[{"href":"https:\/\/ateza-innovacion.com\/index.php\/wp-json\/wp\/v2\/media?parent=335"}],"wp:term":[{"taxonomy":"product_brand","embeddable":true,"href":"https:\/\/ateza-innovacion.com\/index.php\/wp-json\/wp\/v2\/product_brand?post=335"},{"taxonomy":"product_cat","embeddable":true,"href":"https:\/\/ateza-innovacion.com\/index.php\/wp-json\/wp\/v2\/product_cat?post=335"},{"taxonomy":"product_tag","embeddable":true,"href":"https:\/\/ateza-innovacion.com\/index.php\/wp-json\/wp\/v2\/product_tag?post=335"}],"curies":[{"name":"wp","href":"https:\/\/api.w.org\/{rel}","templated":true}]}}