{"id":334,"date":"2025-12-09T14:59:32","date_gmt":"2025-12-09T14:59:32","guid":{"rendered":"https:\/\/ateza-innovacion.com\/index.php\/producto\/camara-seguridad-solar\/"},"modified":"2025-12-09T14:59:32","modified_gmt":"2025-12-09T14:59:32","slug":"camara-seguridad-solar","status":"publish","type":"product","link":"https:\/\/ateza-innovacion.com\/index.php\/producto\/camara-seguridad-solar\/","title":{"rendered":"Camara Seguridad Solar"},"content":{"rendered":"<p>C\u00e1mara solar para exteriores 100% sin cables, sin parar de grabar, esta c\u00e1mara solar con verdadero dise\u00f1o inal\u00e1mbrico, sin cables, sin complicaciones, funciona con energ\u00eda solar sostenible, sin necesidad de recargar una y otra vez. Energ\u00eda ecol\u00f3gica y sostenible, inyecta un flujo constante de electricidad a tu c\u00e1mara para utilizarla todo el tiempo.<br \/>\nEl panel solar tiene base propia, por lo que no requiere estar pegado a la c\u00e1mara puede estar hasta 1 metro de distancia de la misma.<\/p>\n<p>Configuraci\u00f3n r\u00e1pida a trav\u00e9s Smartphone usando la aplicaci\u00f3n, tecnolog\u00eda Plug\/Play para acceso remoto, control panor\u00e1mico\/basculante y zoom digital 4X inteligente, luces LED ir-cut incorporadas para visi\u00f3n nocturna de hasta 30m, de pie para ver en cualquier espacio, iluminaci\u00f3n de luces LED blanca que se activan cuando se detecta la presencia de un cuerpo humano u objeto (Configurable), cuenta con 2 antenas de 5db de se\u00f1al, admite alarma de detecci\u00f3n de movimiento, audio bidireccional directamente a tu smartphone, tableta o windows PC, ranura para tarjeta SD para grabaci\u00f3n local (m\u00e1x. 128GB), reproducci\u00f3n en l\u00ednea.<br \/>\nEs para todo tipo de climas, se conecta a trav\u00e9s de wifi por lo que la podr\u00e1s ver desde tu celular en cualquier parte del mundo.<br \/>\nDesde tu celular, podr\u00e1s controlar el movimiento rob\u00f3tico de la c\u00e1mara, ya que tiene un sistema de radar infrarrojo pasivo.<br \/>\nPosee visi\u00f3n nocturna de nueva generaci\u00f3n con leds de iluminaci\u00f3n, lo que permite grabar de noche a todo color.<br \/>\nDe f\u00e1cil y r\u00e1pida instalaci\u00f3n, cuenta tambi\u00e9n con sistema de audio bidireccional, soporta tarjeta Micro SD hasta 128GB(No Incluida), como tambi\u00e9n, respaldo en la nube (requiere suscripci\u00f3n), esta opci\u00f3n es totalmente opcional.<br \/>\n&#8211; VISI\u00d3N NOCTURNA<br \/>\nCuenta con led\u00b4s infrarrojos y leds de luz blanca, los cuales en la oscuridad permanecen encendidos, para tener visi\u00f3n nocturna a color, nos permiten observar claramente en la noche, es un sistema nuevo que nos ayudara a identificar m\u00e1s f\u00e1cilmente si un intruso entra a casa, con un alcance de hasta 10 metros, tienes tres opciones para configurarlo d\u00eda, noche y autom\u00e1tico.<br \/>\n&#8211; RESOLUCI\u00d3N 3 MEGAPIXELES (3 Millones de pixeles)<br \/>\nIm\u00e1genes en FULL HD para percibir los mejores detalles posibles, tienes pruebas de video en excelente calidad.<br \/>\n&#8211; ALMACENAMIENTO EN LA NUBE<br \/>\nEvita perder tu informaci\u00f3n a causa de robo, que la c\u00e1mara fuera destruida o poco almacenamiento, resguarda tus videos y fotograf\u00edas en la nube, el almacenamiento ser\u00e1 de acuerdo a tu preferencia, tus datos estar\u00e1n encriptados evitando que alguien m\u00e1s los vea.<br \/>\n&#8211; NIVEL DE PROTECCI\u00d3N IP66 A PRUEBA DE AGUA<br \/>\nFabricado para funcionar en condiciones meteorol\u00f3gicas adversas y sin da\u00f1os, interrupci\u00f3n o p\u00e9rdida de material de archivo. La norma se IP66 para la protecci\u00f3n contra la lluvia, aguanieve, la nieve, sol y polvo. Funciona de manera confiable en cualquier condici\u00f3n clim\u00e1tica.<br \/>\n&#8211; ZOOM DIGITAL 4X<br \/>\nAmplia los pixeles de una imagen de manera digital hasta 4x por medio de la APP separando tus dedos en tu celular, te permitir\u00e1 tener acercamientos para que nada pase desapercibido.<br \/>\n&#8211; C\u00c1MARA ROTATORIA (ROB\u00d3TICA)<br \/>\nMovimientos controlados por ti de 355\u00b0H x 90\u00b0V, ten un mayor rango de visi\u00f3n al poder girar tu c\u00e1mara desde tu celular.<\/p>\n","protected":false},"excerpt":{"rendered":"<p>C\u00e1mara solar para exteriores 100% sin cables, sin parar de grabar, esta c\u00e1mara solar con verdadero dise\u00f1o inal\u00e1mbrico, sin cables, [&hellip;]<\/p>\n","protected":false},"featured_media":317,"comment_status":"open","ping_status":"closed","template":"","meta":{"site-sidebar-layout":"default","site-content-layout":"","ast-site-content-layout":"default","site-content-style":"default","site-sidebar-style":"default","ast-global-header-display":"","ast-banner-title-visibility":"","ast-main-header-display":"","ast-hfb-above-header-display":"","ast-hfb-below-header-display":"","ast-hfb-mobile-header-display":"","site-post-title":"","ast-breadcrumbs-content":"","ast-featured-img":"","footer-sml-layout":"","ast-disable-related-posts":"","theme-transparent-header-meta":"","adv-header-id-meta":"","stick-header-meta":"","header-above-stick-meta":"","header-main-stick-meta":"","header-below-stick-meta":"","astra-migrate-meta-layouts":"default","ast-page-background-enabled":"default","ast-page-background-meta":{"desktop":{"background-color":"var(--ast-global-color-5)","background-image":"","background-repeat":"repeat","background-position":"center center","background-size":"auto","background-attachment":"scroll","background-type":"","background-media":"","overlay-type":"","overlay-color":"","overlay-opacity":"","overlay-gradient":""},"tablet":{"background-color":"","background-image":"","background-repeat":"repeat","background-position":"center center","background-size":"auto","background-attachment":"scroll","background-type":"","background-media":"","overlay-type":"","overlay-color":"","overlay-opacity":"","overlay-gradient":""},"mobile":{"background-color":"","background-image":"","background-repeat":"repeat","background-position":"center center","background-size":"auto","background-attachment":"scroll","background-type":"","background-media":"","overlay-type":"","overlay-color":"","overlay-opacity":"","overlay-gradient":""}},"ast-content-background-meta":{"desktop":{"background-color":"var(--ast-global-color-4)","background-image":"","background-repeat":"repeat","background-position":"center center","background-size":"auto","background-attachment":"scroll","background-type":"","background-media":"","overlay-type":"","overlay-color":"","overlay-opacity":"","overlay-gradient":""},"tablet":{"background-color":"var(--ast-global-color-4)","background-image":"","background-repeat":"repeat","background-position":"center center","background-size":"auto","background-attachment":"scroll","background-type":"","background-media":"","overlay-type":"","overlay-color":"","overlay-opacity":"","overlay-gradient":""},"mobile":{"background-color":"var(--ast-global-color-4)","background-image":"","background-repeat":"repeat","background-position":"center center","background-size":"auto","background-attachment":"scroll","background-type":"","background-media":"","overlay-type":"","overlay-color":"","overlay-opacity":"","overlay-gradient":""}},"_joinchat":[]},"product_brand":[],"product_cat":[21],"product_tag":[],"class_list":{"0":"post-334","1":"product","2":"type-product","3":"status-publish","4":"has-post-thumbnail","6":"product_cat-seguridad","7":"desktop-align-left","8":"tablet-align-left","9":"mobile-align-left","11":"first","12":"instock","13":"shipping-taxable","14":"purchasable","15":"product-type-simple"},"_links":{"self":[{"href":"https:\/\/ateza-innovacion.com\/index.php\/wp-json\/wp\/v2\/product\/334","targetHints":{"allow":["GET"]}}],"collection":[{"href":"https:\/\/ateza-innovacion.com\/index.php\/wp-json\/wp\/v2\/product"}],"about":[{"href":"https:\/\/ateza-innovacion.com\/index.php\/wp-json\/wp\/v2\/types\/product"}],"replies":[{"embeddable":true,"href":"https:\/\/ateza-innovacion.com\/index.php\/wp-json\/wp\/v2\/comments?post=334"}],"wp:featuredmedia":[{"embeddable":true,"href":"https:\/\/ateza-innovacion.com\/index.php\/wp-json\/wp\/v2\/media\/317"}],"wp:attachment":[{"href":"https:\/\/ateza-innovacion.com\/index.php\/wp-json\/wp\/v2\/media?parent=334"}],"wp:term":[{"taxonomy":"product_brand","embeddable":true,"href":"https:\/\/ateza-innovacion.com\/index.php\/wp-json\/wp\/v2\/product_brand?post=334"},{"taxonomy":"product_cat","embeddable":true,"href":"https:\/\/ateza-innovacion.com\/index.php\/wp-json\/wp\/v2\/product_cat?post=334"},{"taxonomy":"product_tag","embeddable":true,"href":"https:\/\/ateza-innovacion.com\/index.php\/wp-json\/wp\/v2\/product_tag?post=334"}],"curies":[{"name":"wp","href":"https:\/\/api.w.org\/{rel}","templated":true}]}}