{"id":333,"date":"2025-12-09T14:59:32","date_gmt":"2025-12-09T14:59:32","guid":{"rendered":"https:\/\/ateza-innovacion.com\/index.php\/producto\/camara-nia-h9r\/"},"modified":"2025-12-09T14:59:32","modified_gmt":"2025-12-09T14:59:32","slug":"camara-nia-h9r","status":"publish","type":"product","link":"https:\/\/ateza-innovacion.com\/index.php\/producto\/camara-nia-h9r\/","title":{"rendered":"Camara Nia-h9r"},"content":{"rendered":"<p>Videos con gran nivel de detalle gracias a su resoluci\u00f3n 5k a 30 fps \/ full hd 1080p, 720p.<br \/>\nEnfoque preciso con su zoom de 1x.<br \/>\nResoluci\u00f3n fotogr\u00e1fica de 12Mpx para capturas de excelente calidad.<br \/>\nVideos con gran nivel de detalle gracias a su resoluci\u00f3n 1080&#215;720.<br \/>\nDuraci\u00f3n de la bater\u00eda: 70m.<br \/>\nIncluye m\u00faltiples accesorios para potenciar las funcionalidades de la c\u00e1mara al m\u00e1ximo.<br \/>\nDimensiones: 59.3mm de ancho, 41.1mm de alto y 24.6mm de profundidad.<br \/>\nPesa 66g.<br \/>\nTu mejor opci\u00f3n para registrar momentos inolvidables.<br \/>\nLa duraci\u00f3n de la bater\u00eda depende del uso que se le d\u00e9 al producto.<\/p>\n","protected":false},"excerpt":{"rendered":"<p>Videos con gran nivel de detalle gracias a su resoluci\u00f3n 5k a 30 fps \/ full hd 1080p, 720p. Enfoque [&hellip;]<\/p>\n","protected":false},"featured_media":319,"comment_status":"open","ping_status":"closed","template":"","meta":{"site-sidebar-layout":"default","site-content-layout":"","ast-site-content-layout":"default","site-content-style":"default","site-sidebar-style":"default","ast-global-header-display":"","ast-banner-title-visibility":"","ast-main-header-display":"","ast-hfb-above-header-display":"","ast-hfb-below-header-display":"","ast-hfb-mobile-header-display":"","site-post-title":"","ast-breadcrumbs-content":"","ast-featured-img":"","footer-sml-layout":"","ast-disable-related-posts":"","theme-transparent-header-meta":"","adv-header-id-meta":"","stick-header-meta":"","header-above-stick-meta":"","header-main-stick-meta":"","header-below-stick-meta":"","astra-migrate-meta-layouts":"default","ast-page-background-enabled":"default","ast-page-background-meta":{"desktop":{"background-color":"var(--ast-global-color-5)","background-image":"","background-repeat":"repeat","background-position":"center center","background-size":"auto","background-attachment":"scroll","background-type":"","background-media":"","overlay-type":"","overlay-color":"","overlay-opacity":"","overlay-gradient":""},"tablet":{"background-color":"","background-image":"","background-repeat":"repeat","background-position":"center center","background-size":"auto","background-attachment":"scroll","background-type":"","background-media":"","overlay-type":"","overlay-color":"","overlay-opacity":"","overlay-gradient":""},"mobile":{"background-color":"","background-image":"","background-repeat":"repeat","background-position":"center center","background-size":"auto","background-attachment":"scroll","background-type":"","background-media":"","overlay-type":"","overlay-color":"","overlay-opacity":"","overlay-gradient":""}},"ast-content-background-meta":{"desktop":{"background-color":"var(--ast-global-color-4)","background-image":"","background-repeat":"repeat","background-position":"center center","background-size":"auto","background-attachment":"scroll","background-type":"","background-media":"","overlay-type":"","overlay-color":"","overlay-opacity":"","overlay-gradient":""},"tablet":{"background-color":"var(--ast-global-color-4)","background-image":"","background-repeat":"repeat","background-position":"center center","background-size":"auto","background-attachment":"scroll","background-type":"","background-media":"","overlay-type":"","overlay-color":"","overlay-opacity":"","overlay-gradient":""},"mobile":{"background-color":"var(--ast-global-color-4)","background-image":"","background-repeat":"repeat","background-position":"center center","background-size":"auto","background-attachment":"scroll","background-type":"","background-media":"","overlay-type":"","overlay-color":"","overlay-opacity":"","overlay-gradient":""}},"_joinchat":[]},"product_brand":[],"product_cat":[21],"product_tag":[],"class_list":{"0":"post-333","1":"product","2":"type-product","3":"status-publish","4":"has-post-thumbnail","6":"product_cat-seguridad","7":"desktop-align-left","8":"tablet-align-left","9":"mobile-align-left","11":"first","12":"instock","13":"shipping-taxable","14":"purchasable","15":"product-type-simple"},"_links":{"self":[{"href":"https:\/\/ateza-innovacion.com\/index.php\/wp-json\/wp\/v2\/product\/333","targetHints":{"allow":["GET"]}}],"collection":[{"href":"https:\/\/ateza-innovacion.com\/index.php\/wp-json\/wp\/v2\/product"}],"about":[{"href":"https:\/\/ateza-innovacion.com\/index.php\/wp-json\/wp\/v2\/types\/product"}],"replies":[{"embeddable":true,"href":"https:\/\/ateza-innovacion.com\/index.php\/wp-json\/wp\/v2\/comments?post=333"}],"wp:featuredmedia":[{"embeddable":true,"href":"https:\/\/ateza-innovacion.com\/index.php\/wp-json\/wp\/v2\/media\/319"}],"wp:attachment":[{"href":"https:\/\/ateza-innovacion.com\/index.php\/wp-json\/wp\/v2\/media?parent=333"}],"wp:term":[{"taxonomy":"product_brand","embeddable":true,"href":"https:\/\/ateza-innovacion.com\/index.php\/wp-json\/wp\/v2\/product_brand?post=333"},{"taxonomy":"product_cat","embeddable":true,"href":"https:\/\/ateza-innovacion.com\/index.php\/wp-json\/wp\/v2\/product_cat?post=333"},{"taxonomy":"product_tag","embeddable":true,"href":"https:\/\/ateza-innovacion.com\/index.php\/wp-json\/wp\/v2\/product_tag?post=333"}],"curies":[{"name":"wp","href":"https:\/\/api.w.org\/{rel}","templated":true}]}}