{"id":332,"date":"2025-12-09T14:59:31","date_gmt":"2025-12-09T14:59:31","guid":{"rendered":"https:\/\/ateza-innovacion.com\/index.php\/producto\/camara-vehiculo\/"},"modified":"2025-12-09T14:59:31","modified_gmt":"2025-12-09T14:59:31","slug":"camara-vehiculo","status":"publish","type":"product","link":"https:\/\/ateza-innovacion.com\/index.php\/producto\/camara-vehiculo\/","title":{"rendered":"Camara Vehiculo"},"content":{"rendered":"<p>* Visi\u00f3n Completa en Alta Definici\u00f3n:<br \/>\nLa c\u00e1mara de seguridad para autom\u00f3viles con 3 lentes cubre todos los \u00e1ngulos: frontal, trasero y lateral, para que no te pierdas de ning\u00fan detalle.<\/p>\n<p>* Visi\u00f3n Nocturna Clara:<br \/>\nGracias a su luz nocturna integrada, obt\u00e9n im\u00e1genes claras incluso en condiciones de poca luz.<\/p>\n<p>* Micr\u00f3fono de Audio Integrado:<br \/>\nCaptura sonidos alrededor de tu veh\u00edculo para mayor seguridad y evidencia en cualquier situaci\u00f3n.<\/p>\n<p>* F\u00e1cil Instalaci\u00f3n y Uso:<br \/>\nCompatible con cualquier veh\u00edculo, esta c\u00e1mara incluye todo lo necesario para su instalaci\u00f3n r\u00e1pida y sencilla.<br \/>\nAlmacenamiento Expandible:<br \/>\nCompatible con tarjetas Micro SD de hasta 64 GB (no incluidas) para grabaci\u00f3n continua y almacenamiento seguro.<\/p>\n<p>Ajustable a Diferentes \u00c1ngulos:<br \/>\nAjusta la c\u00e1mara para obtener la mejor vista seg\u00fan tus necesidades.<\/p>\n<p>Especificaciones:<br \/>\nDefinici\u00f3n: Alta Definici\u00f3n<br \/>\nLentes: 3 lentes para cobertura completa<br \/>\nVisi\u00f3n Nocturna: Luz nocturna para grabaciones en oscuridad<br \/>\nAudio: Micr\u00f3fono integrado para grabaci\u00f3n de sonido<br \/>\nCompatibilidad de Tarjeta: Micro SD hasta 64GB (no incluida)<br \/>\nInstalaci\u00f3n: Incluye soporte de montaje y cable de alimentaci\u00f3n<br \/>\nUso: Todos los veh\u00edculos<\/p>\n<p>Contenido:<br \/>\nC\u00e1mara de 3 Lentes Alta Definici\u00f3n<br \/>\nCable de Alimentaci\u00f3n<br \/>\nSoporte de Montaje<br \/>\nManual de Instrucciones<\/p>\n<p>\u00a1Aumenta la seguridad de tu veh\u00edculo y mant\u00e9n el control en cada viaje con esta c\u00e1mara de \u00faltima generaci\u00f3n!<\/p>\n","protected":false},"excerpt":{"rendered":"<p>* Visi\u00f3n Completa en Alta Definici\u00f3n: La c\u00e1mara de seguridad para autom\u00f3viles con 3 lentes cubre todos los \u00e1ngulos: frontal, [&hellip;]<\/p>\n","protected":false},"featured_media":326,"comment_status":"open","ping_status":"closed","template":"","meta":{"site-sidebar-layout":"default","site-content-layout":"","ast-site-content-layout":"default","site-content-style":"default","site-sidebar-style":"default","ast-global-header-display":"","ast-banner-title-visibility":"","ast-main-header-display":"","ast-hfb-above-header-display":"","ast-hfb-below-header-display":"","ast-hfb-mobile-header-display":"","site-post-title":"","ast-breadcrumbs-content":"","ast-featured-img":"","footer-sml-layout":"","ast-disable-related-posts":"","theme-transparent-header-meta":"","adv-header-id-meta":"","stick-header-meta":"","header-above-stick-meta":"","header-main-stick-meta":"","header-below-stick-meta":"","astra-migrate-meta-layouts":"default","ast-page-background-enabled":"default","ast-page-background-meta":{"desktop":{"background-color":"var(--ast-global-color-5)","background-image":"","background-repeat":"repeat","background-position":"center center","background-size":"auto","background-attachment":"scroll","background-type":"","background-media":"","overlay-type":"","overlay-color":"","overlay-opacity":"","overlay-gradient":""},"tablet":{"background-color":"","background-image":"","background-repeat":"repeat","background-position":"center center","background-size":"auto","background-attachment":"scroll","background-type":"","background-media":"","overlay-type":"","overlay-color":"","overlay-opacity":"","overlay-gradient":""},"mobile":{"background-color":"","background-image":"","background-repeat":"repeat","background-position":"center center","background-size":"auto","background-attachment":"scroll","background-type":"","background-media":"","overlay-type":"","overlay-color":"","overlay-opacity":"","overlay-gradient":""}},"ast-content-background-meta":{"desktop":{"background-color":"var(--ast-global-color-4)","background-image":"","background-repeat":"repeat","background-position":"center center","background-size":"auto","background-attachment":"scroll","background-type":"","background-media":"","overlay-type":"","overlay-color":"","overlay-opacity":"","overlay-gradient":""},"tablet":{"background-color":"var(--ast-global-color-4)","background-image":"","background-repeat":"repeat","background-position":"center center","background-size":"auto","background-attachment":"scroll","background-type":"","background-media":"","overlay-type":"","overlay-color":"","overlay-opacity":"","overlay-gradient":""},"mobile":{"background-color":"var(--ast-global-color-4)","background-image":"","background-repeat":"repeat","background-position":"center center","background-size":"auto","background-attachment":"scroll","background-type":"","background-media":"","overlay-type":"","overlay-color":"","overlay-opacity":"","overlay-gradient":""}},"_joinchat":[]},"product_brand":[],"product_cat":[21],"product_tag":[],"class_list":{"0":"post-332","1":"product","2":"type-product","3":"status-publish","4":"has-post-thumbnail","6":"product_cat-seguridad","7":"desktop-align-left","8":"tablet-align-left","9":"mobile-align-left","11":"first","12":"instock","13":"shipping-taxable","14":"purchasable","15":"product-type-simple"},"_links":{"self":[{"href":"https:\/\/ateza-innovacion.com\/index.php\/wp-json\/wp\/v2\/product\/332","targetHints":{"allow":["GET"]}}],"collection":[{"href":"https:\/\/ateza-innovacion.com\/index.php\/wp-json\/wp\/v2\/product"}],"about":[{"href":"https:\/\/ateza-innovacion.com\/index.php\/wp-json\/wp\/v2\/types\/product"}],"replies":[{"embeddable":true,"href":"https:\/\/ateza-innovacion.com\/index.php\/wp-json\/wp\/v2\/comments?post=332"}],"wp:featuredmedia":[{"embeddable":true,"href":"https:\/\/ateza-innovacion.com\/index.php\/wp-json\/wp\/v2\/media\/326"}],"wp:attachment":[{"href":"https:\/\/ateza-innovacion.com\/index.php\/wp-json\/wp\/v2\/media?parent=332"}],"wp:term":[{"taxonomy":"product_brand","embeddable":true,"href":"https:\/\/ateza-innovacion.com\/index.php\/wp-json\/wp\/v2\/product_brand?post=332"},{"taxonomy":"product_cat","embeddable":true,"href":"https:\/\/ateza-innovacion.com\/index.php\/wp-json\/wp\/v2\/product_cat?post=332"},{"taxonomy":"product_tag","embeddable":true,"href":"https:\/\/ateza-innovacion.com\/index.php\/wp-json\/wp\/v2\/product_tag?post=332"}],"curies":[{"name":"wp","href":"https:\/\/api.w.org\/{rel}","templated":true}]}}