{"id":160,"date":"2025-12-08T18:07:15","date_gmt":"2025-12-08T18:07:15","guid":{"rendered":"https:\/\/ateza-innovacion.com\/?page_id=160"},"modified":"2025-12-24T14:57:02","modified_gmt":"2025-12-24T14:57:02","slug":"tutoriales","status":"publish","type":"page","link":"https:\/\/ateza-innovacion.com\/index.php\/tutoriales\/","title":{"rendered":"Tutoriales"},"content":{"rendered":"\t\t<div data-elementor-type=\"wp-page\" data-elementor-id=\"160\" class=\"elementor elementor-160\" data-elementor-post-type=\"page\">\n\t\t\t\t<div class=\"elementor-element elementor-element-3da9756a e-flex e-con-boxed elementor-invisible e-con e-parent\" data-id=\"3da9756a\" data-element_type=\"container\" data-settings=\"{&quot;background_background&quot;:&quot;classic&quot;,&quot;animation&quot;:&quot;fadeIn&quot;}\">\n\t\t\t\t\t<div class=\"e-con-inner\">\n\t\t\t\t<div class=\"elementor-element elementor-element-395030ec elementor-widget elementor-widget-heading\" data-id=\"395030ec\" data-element_type=\"widget\" data-widget_type=\"heading.default\">\n\t\t\t\t\t<h1 class=\"elementor-heading-title elementor-size-default\">Tutoriales<\/h1>\t\t\t\t<\/div>\n\t\t\t\t\t<\/div>\n\t\t\t\t<\/div>\n\t\t<div class=\"elementor-element elementor-element-543bf9e2 e-flex e-con-boxed elementor-invisible e-con e-parent\" data-id=\"543bf9e2\" data-element_type=\"container\" data-settings=\"{&quot;animation&quot;:&quot;fadeIn&quot;}\">\n\t\t\t\t\t<div class=\"e-con-inner\">\n\t\t<div class=\"elementor-element elementor-element-97d9055 e-con-full e-flex e-con e-child\" data-id=\"97d9055\" data-element_type=\"container\">\n\t\t\t\t<div class=\"elementor-element elementor-element-72f753f elementor-widget elementor-widget-heading\" data-id=\"72f753f\" data-element_type=\"widget\" data-widget_type=\"heading.default\">\n\t\t\t\t\t<h2 class=\"elementor-heading-title elementor-size-default\">APRENDE, INSTALA, DISFRUTA: TU GU\u00cdA DEFINITIVA<\/h2>\t\t\t\t<\/div>\n\t\t\t\t<\/div>\n\t\t<div class=\"elementor-element elementor-element-1accb631 e-con-full e-flex e-con e-child\" data-id=\"1accb631\" data-element_type=\"container\">\n\t\t\t\t<div class=\"elementor-element elementor-element-7bc4380 elementor-widget elementor-widget-text-editor\" data-id=\"7bc4380\" data-element_type=\"widget\" data-widget_type=\"text-editor.default\">\n\t\t\t\t\t\t\t\t\t<p>En ATEZA Innovaci\u00f3n creemos que el verdadero poder de la tecnolog\u00eda se libera cuando sabes usarla al m\u00e1ximo. Por eso hemos creado esta biblioteca de conocimiento pr\u00e1ctico, gratuita y siempre actualizada, para que aproveches el 100% de tus dispositivos.<\/p>\t\t\t\t\t\t\t\t<\/div>\n\t\t\t\t<\/div>\n\t\t\t\t\t<\/div>\n\t\t\t\t<\/div>\n\t\t<div class=\"elementor-element elementor-element-4c18efff e-flex e-con-boxed elementor-invisible e-con e-parent\" data-id=\"4c18efff\" data-element_type=\"container\" data-settings=\"{&quot;animation&quot;:&quot;fadeIn&quot;}\">\n\t\t\t\t\t<div class=\"e-con-inner\">\n\t\t<div class=\"elementor-element elementor-element-2a051f60 e-con-full e-flex e-con e-child\" data-id=\"2a051f60\" data-element_type=\"container\">\n\t\t\t\t<div class=\"elementor-element elementor-element-9cb7b2d elementor-widget elementor-widget-heading\" data-id=\"9cb7b2d\" data-element_type=\"widget\" data-widget_type=\"heading.default\">\n\t\t\t\t\t<h2 class=\"elementor-heading-title elementor-size-default\">MAXIMIZA TU EXPERIENCIA CON NUESTROS TUTORIALES<\/h2>\t\t\t\t<\/div>\n\t\t\t\t<div class=\"elementor-element elementor-element-6d7924d elementor-widget elementor-widget-text-editor\" data-id=\"6d7924d\" data-element_type=\"widget\" data-widget_type=\"text-editor.default\">\n\t\t\t\t\t\t\t\t\t<p>Sabemos que la mejor tecnolog\u00eda es aquella que sabes utilizar al m\u00e1ximo. Por eso hemos creado una biblioteca completa de tutoriales paso a paso, donde te guiamos en la instalaci\u00f3n, configuraci\u00f3n y uso avanzado de todos nuestros productos. Aprende a tu ritmo, desde cualquier dispositivo.<\/p>\t\t\t\t\t\t\t\t<\/div>\n\t\t<div class=\"elementor-element elementor-element-12ae93a6 e-flex e-con-boxed e-con e-child\" data-id=\"12ae93a6\" data-element_type=\"container\">\n\t\t\t\t\t<div class=\"e-con-inner\">\n\t\t\t\t<div class=\"elementor-element elementor-element-3fcddaa6 elementor-widget__width-initial ekit-equal-height-disable elementor-widget elementor-widget-elementskit-icon-box\" data-id=\"3fcddaa6\" data-element_type=\"widget\" data-widget_type=\"elementskit-icon-box.default\">\n\t\t\t\t\t<div class=\"ekit-wid-con\" >        <!-- link opening -->\n                <!-- end link opening -->\n\n        <div class=\"elementskit-infobox text-left text- icon-lef-right-aligin elementor-animation-   \">\n                        <div class=\"box-body\">\n                            <h4 class=\"elementskit-info-box-title\">\n                    V\u00eddeos cortos y pr\u00e1cticos                <\/h4>\n                                                    <div class=\"box-footer disable_hover_button\">\n                    <div class=\"btn-wraper\">\n                                                            <a class=\"elementskit-btn whitespace--normal\" href=\"#\">\n                                        &nbsp;&nbsp;&nbsp;&nbsp;                                        <svg aria-hidden=\"true\" class=\"e-font-icon-svg e-fas-chevron-circle-right\" viewBox=\"0 0 512 512\" xmlns=\"http:\/\/www.w3.org\/2000\/svg\"><path d=\"M256 8c137 0 248 111 248 248S393 504 256 504 8 393 8 256 119 8 256 8zm113.9 231L234.4 103.5c-9.4-9.4-24.6-9.4-33.9 0l-17 17c-9.4 9.4-9.4 24.6 0 33.9L285.1 256 183.5 357.6c-9.4 9.4-9.4 24.6 0 33.9l17 17c9.4 9.4 24.6 9.4 33.9 0L369.9 273c9.4-9.4 9.4-24.6 0-34z\"><\/path><\/svg>                                    <\/a>\n                                                        <\/div>\n                <\/div>\n                    <\/div>\n        \n        \n                <\/div>\n        <\/div>\t\t\t\t<\/div>\n\t\t\t\t<div class=\"elementor-element elementor-element-7f10f3e2 elementor-widget__width-initial ekit-equal-height-disable elementor-widget elementor-widget-elementskit-icon-box\" data-id=\"7f10f3e2\" data-element_type=\"widget\" data-widget_type=\"elementskit-icon-box.default\">\n\t\t\t\t\t<div class=\"ekit-wid-con\" >        <!-- link opening -->\n                <!-- end link opening -->\n\n        <div class=\"elementskit-infobox text-left text- icon-lef-right-aligin elementor-animation-   \">\n                        <div class=\"box-body\">\n                            <h4 class=\"elementskit-info-box-title\">\n                    Instrucciones descargables                <\/h4>\n                                                    <div class=\"box-footer disable_hover_button\">\n                    <div class=\"btn-wraper\">\n                                                            <a class=\"elementskit-btn whitespace--normal\" href=\"#\">\n                                        &nbsp;&nbsp;&nbsp;&nbsp;                                        <svg aria-hidden=\"true\" class=\"e-font-icon-svg e-fas-chevron-circle-right\" viewBox=\"0 0 512 512\" xmlns=\"http:\/\/www.w3.org\/2000\/svg\"><path d=\"M256 8c137 0 248 111 248 248S393 504 256 504 8 393 8 256 119 8 256 8zm113.9 231L234.4 103.5c-9.4-9.4-24.6-9.4-33.9 0l-17 17c-9.4 9.4-9.4 24.6 0 33.9L285.1 256 183.5 357.6c-9.4 9.4-9.4 24.6 0 33.9l17 17c9.4 9.4 24.6 9.4 33.9 0L369.9 273c9.4-9.4 9.4-24.6 0-34z\"><\/path><\/svg>                                    <\/a>\n                                                        <\/div>\n                <\/div>\n                    <\/div>\n        \n        \n                <\/div>\n        <\/div>\t\t\t\t<\/div>\n\t\t\t\t\t<\/div>\n\t\t\t\t<\/div>\n\t\t\t\t<\/div>\n\t\t<div class=\"elementor-element elementor-element-7cbdd53c e-con-full e-flex e-con e-child\" data-id=\"7cbdd53c\" data-element_type=\"container\">\n\t\t\t\t<div class=\"elementor-element elementor-element-69e2ddae elementor-widget elementor-widget-image\" data-id=\"69e2ddae\" data-element_type=\"widget\" data-widget_type=\"image.default\">\n\t\t\t\t\t\t\t\t\t\t\t\t\t\t\t<img fetchpriority=\"high\" decoding=\"async\" width=\"2560\" height=\"2227\" src=\"https:\/\/ateza-innovacion.com\/wp-content\/uploads\/2025\/12\/Foto-1.1-seccion-TUTORIALES-scaled.jpg\" class=\"attachment-full size-full wp-image-494\" alt=\"\" srcset=\"https:\/\/ateza-innovacion.com\/wp-content\/uploads\/2025\/12\/Foto-1.1-seccion-TUTORIALES-scaled.jpg 2560w, https:\/\/ateza-innovacion.com\/wp-content\/uploads\/2025\/12\/Foto-1.1-seccion-TUTORIALES-300x261.jpg 300w, https:\/\/ateza-innovacion.com\/wp-content\/uploads\/2025\/12\/Foto-1.1-seccion-TUTORIALES-1024x891.jpg 1024w, https:\/\/ateza-innovacion.com\/wp-content\/uploads\/2025\/12\/Foto-1.1-seccion-TUTORIALES-768x668.jpg 768w, https:\/\/ateza-innovacion.com\/wp-content\/uploads\/2025\/12\/Foto-1.1-seccion-TUTORIALES-1536x1336.jpg 1536w, https:\/\/ateza-innovacion.com\/wp-content\/uploads\/2025\/12\/Foto-1.1-seccion-TUTORIALES-2048x1781.jpg 2048w, https:\/\/ateza-innovacion.com\/wp-content\/uploads\/2025\/12\/Foto-1.1-seccion-TUTORIALES-600x522.jpg 600w\" sizes=\"(max-width: 2560px) 100vw, 2560px\" \/>\t\t\t\t\t\t\t\t\t\t\t\t\t\t\t<\/div>\n\t\t\t\t<\/div>\n\t\t\t\t\t<\/div>\n\t\t\t\t<\/div>\n\t\t\t\t<\/div>\n\t\t","protected":false},"excerpt":{"rendered":"<p>Tutoriales APRENDE, INSTALA, DISFRUTA: TU GU\u00cdA DEFINITIVA En ATEZA Innovaci\u00f3n creemos que el verdadero poder de la tecnolog\u00eda se libera [&hellip;]<\/p>\n","protected":false},"author":1,"featured_media":0,"parent":0,"menu_order":0,"comment_status":"closed","ping_status":"closed","template":"elementor_header_footer","meta":{"site-sidebar-layout":"no-sidebar","site-content-layout":"","ast-site-content-layout":"full-width-container","site-content-style":"default","site-sidebar-style":"default","ast-global-header-display":"","ast-banner-title-visibility":"","ast-main-header-display":"","ast-hfb-above-header-display":"","ast-hfb-below-header-display":"","ast-hfb-mobile-header-display":"","site-post-title":"","ast-breadcrumbs-content":"","ast-featured-img":"disabled","footer-sml-layout":"","ast-disable-related-posts":"","theme-transparent-header-meta":"default","adv-header-id-meta":"","stick-header-meta":"","header-above-stick-meta":"","header-main-stick-meta":"","header-below-stick-meta":"","astra-migrate-meta-layouts":"set","ast-page-background-enabled":"default","ast-page-background-meta":{"desktop":{"background-color":"var(--ast-global-color-5)","background-image":"","background-repeat":"repeat","background-position":"center center","background-size":"auto","background-attachment":"scroll","background-type":"","background-media":"","overlay-type":"","overlay-color":"","overlay-opacity":"","overlay-gradient":""},"tablet":{"background-color":"","background-image":"","background-repeat":"repeat","background-position":"center center","background-size":"auto","background-attachment":"scroll","background-type":"","background-media":"","overlay-type":"","overlay-color":"","overlay-opacity":"","overlay-gradient":""},"mobile":{"background-color":"","background-image":"","background-repeat":"repeat","background-position":"center center","background-size":"auto","background-attachment":"scroll","background-type":"","background-media":"","overlay-type":"","overlay-color":"","overlay-opacity":"","overlay-gradient":""}},"ast-content-background-meta":{"desktop":{"background-color":"var(--ast-global-color-4)","background-image":"","background-repeat":"repeat","background-position":"center center","background-size":"auto","background-attachment":"scroll","background-type":"","background-media":"","overlay-type":"","overlay-color":"","overlay-opacity":"","overlay-gradient":""},"tablet":{"background-color":"var(--ast-global-color-4)","background-image":"","background-repeat":"repeat","background-position":"center center","background-size":"auto","background-attachment":"scroll","background-type":"","background-media":"","overlay-type":"","overlay-color":"","overlay-opacity":"","overlay-gradient":""},"mobile":{"background-color":"var(--ast-global-color-4)","background-image":"","background-repeat":"repeat","background-position":"center center","background-size":"auto","background-attachment":"scroll","background-type":"","background-media":"","overlay-type":"","overlay-color":"","overlay-opacity":"","overlay-gradient":""}},"_joinchat":[],"footnotes":""},"class_list":["post-160","page","type-page","status-publish","hentry"],"_links":{"self":[{"href":"https:\/\/ateza-innovacion.com\/index.php\/wp-json\/wp\/v2\/pages\/160","targetHints":{"allow":["GET"]}}],"collection":[{"href":"https:\/\/ateza-innovacion.com\/index.php\/wp-json\/wp\/v2\/pages"}],"about":[{"href":"https:\/\/ateza-innovacion.com\/index.php\/wp-json\/wp\/v2\/types\/page"}],"author":[{"embeddable":true,"href":"https:\/\/ateza-innovacion.com\/index.php\/wp-json\/wp\/v2\/users\/1"}],"replies":[{"embeddable":true,"href":"https:\/\/ateza-innovacion.com\/index.php\/wp-json\/wp\/v2\/comments?post=160"}],"version-history":[{"count":55,"href":"https:\/\/ateza-innovacion.com\/index.php\/wp-json\/wp\/v2\/pages\/160\/revisions"}],"predecessor-version":[{"id":556,"href":"https:\/\/ateza-innovacion.com\/index.php\/wp-json\/wp\/v2\/pages\/160\/revisions\/556"}],"wp:attachment":[{"href":"https:\/\/ateza-innovacion.com\/index.php\/wp-json\/wp\/v2\/media?parent=160"}],"curies":[{"name":"wp","href":"https:\/\/api.w.org\/{rel}","templated":true}]}}